{"id":14,"date":"2021-05-10T18:21:35","date_gmt":"2021-05-10T16:21:35","guid":{"rendered":"http:\/\/www.grandirdesonpasse.com\/?page_id=14"},"modified":"2021-05-12T15:28:59","modified_gmt":"2021-05-12T13:28:59","slug":"contact","status":"publish","type":"page","link":"https:\/\/www.grandirdesonpasse.com\/index.php\/contact\/","title":{"rendered":"Contact"},"content":{"rendered":"\n<div class=\"wp-block-columns is-layout-flex wp-container-core-columns-is-layout-9d6595d7 wp-block-columns-is-layout-flex\">\n<div class=\"wp-block-column is-layout-flow wp-block-column-is-layout-flow\" style=\"flex-basis:100%\">\n<p style=\"font-size:24px\">N&#8217;h\u00e9sitez pas \u00e0 me contacter, j&#8217;adore \u00e9changer des id\u00e9es&#8230;. <\/p>\n\n\n\n<p><\/p>\n<\/div>\n<\/div>\n\n\n\n<p class=\"has-text-align-center has-accent-2-color has-text-color\" style=\"font-size:24px\"><a href=\"mailto:%20grandirdesonpasse@gmail.com\">E-mail<\/a>                    <a href=\"https:\/\/www.facebook.com\/caroline.etheve\">Facebook<\/a>                <a href=\"https:\/\/www.instagram.com\/carolineetheve\/\">Instagram<\/a><\/p>\n","protected":false},"excerpt":{"rendered":"<p>N&#8217;h\u00e9sitez pas \u00e0 me contacter, j&#8217;adore \u00e9changer des id\u00e9es&#8230;. E-mail Facebook Instagram<\/p>\n","protected":false},"author":1,"featured_media":48,"parent":0,"menu_order":0,"comment_status":"closed","ping_status":"closed","template":"","meta":{"footnotes":""},"class_list":["post-14","page","type-page","status-publish","has-post-thumbnail","hentry"],"_links":{"self":[{"href":"https:\/\/www.grandirdesonpasse.com\/index.php\/wp-json\/wp\/v2\/pages\/14","targetHints":{"allow":["GET"]}}],"collection":[{"href":"https:\/\/www.grandirdesonpasse.com\/index.php\/wp-json\/wp\/v2\/pages"}],"about":[{"href":"https:\/\/www.grandirdesonpasse.com\/index.php\/wp-json\/wp\/v2\/types\/page"}],"author":[{"embeddable":true,"href":"https:\/\/www.grandirdesonpasse.com\/index.php\/wp-json\/wp\/v2\/users\/1"}],"replies":[{"embeddable":true,"href":"https:\/\/www.grandirdesonpasse.com\/index.php\/wp-json\/wp\/v2\/comments?post=14"}],"version-history":[{"count":4,"href":"https:\/\/www.grandirdesonpasse.com\/index.php\/wp-json\/wp\/v2\/pages\/14\/revisions"}],"predecessor-version":[{"id":131,"href":"https:\/\/www.grandirdesonpasse.com\/index.php\/wp-json\/wp\/v2\/pages\/14\/revisions\/131"}],"wp:featuredmedia":[{"embeddable":true,"href":"https:\/\/www.grandirdesonpasse.com\/index.php\/wp-json\/wp\/v2\/media\/48"}],"wp:attachment":[{"href":"https:\/\/www.grandirdesonpasse.com\/index.php\/wp-json\/wp\/v2\/media?parent=14"}],"curies":[{"name":"wp","href":"https:\/\/api.w.org\/{rel}","templated":true}]}}